{"id":1382,"date":"2026-03-10T14:49:10","date_gmt":"2026-03-10T14:49:10","guid":{"rendered":"https:\/\/gssweb.pt\/?page_id=1382"},"modified":"2026-03-10T14:50:49","modified_gmt":"2026-03-10T14:50:49","slug":"control-visual","status":"publish","type":"page","link":"https:\/\/gssweb.pt\/en\/control-visual\/","title":{"rendered":"Control Visual"},"content":{"rendered":"<div data-elementor-type=\"wp-page\" data-elementor-id=\"1382\" class=\"elementor elementor-1382\">\n\t\t\t\t<div class=\"elementor-element elementor-element-3c9e3e0 e-flex e-con-boxed wpr-particle-no wpr-jarallax-no wpr-parallax-no wpr-sticky-section-no e-con e-parent\" data-id=\"3c9e3e0\" data-element_type=\"container\" data-e-type=\"container\">\n\t\t\t\t\t<div class=\"e-con-inner\">\n\t\t\t\t<div class=\"elementor-element elementor-element-379203d elementor-widget elementor-widget-shortcode\" data-id=\"379203d\" data-element_type=\"widget\" data-e-type=\"widget\" data-widget_type=\"shortcode.default\">\n\t\t\t\t<div class=\"elementor-widget-container\">\n\t\t\t\t\t\t\t<div class=\"elementor-shortcode\">\n<div class=\"wpcf7 no-js\" id=\"wpcf7-f1378-o1\" lang=\"pt-PT\" dir=\"ltr\" data-wpcf7-id=\"1378\">\n<div class=\"screen-reader-response\"><p role=\"status\" aria-live=\"polite\" aria-atomic=\"true\"><\/p> <ul><\/ul><\/div>\n<form action=\"\/en\/wp-json\/wp\/v2\/pages\/1382#wpcf7-f1378-o1\" method=\"post\" class=\"wpcf7-form init\" aria-label=\"Formul\u00e1rio de contacto\" novalidate=\"novalidate\" data-status=\"init\" data-trp-original-action=\"\/en\/wp-json\/wp\/v2\/pages\/1382#wpcf7-f1378-o1\">\n<fieldset class=\"hidden-fields-container\"><input type=\"hidden\" name=\"_wpcf7\" value=\"1378\" \/><input type=\"hidden\" name=\"_wpcf7_version\" value=\"6.1.5\" \/><input type=\"hidden\" name=\"_wpcf7_locale\" value=\"pt_PT\" \/><input type=\"hidden\" name=\"_wpcf7_unit_tag\" value=\"wpcf7-f1378-o1\" \/><input type=\"hidden\" name=\"_wpcf7_container_post\" value=\"0\" \/><input type=\"hidden\" name=\"_wpcf7_posted_data_hash\" value=\"\" \/><input type=\"hidden\" name=\"rsmfcf7_session\" value=\"67d7e280-f72a-44bb-8aab-4d44d005c13e\" \/>\n<\/fieldset>\n<link rel=\"stylesheet\" href=\"https:\/\/gssweb.pt\/wp-content\/plugins\/pdf-forms-for-contact-form-7\/css\/frontend.css\" \/><script type=\"text\/javascript\" src=\"https:\/\/gssweb.pt\/wp-content\/plugins\/pdf-forms-for-contact-form-7\/js\/frontend.js?ver=2.2.5\"><\/script><p><strong>Viatura<\/strong>\n<\/p>\n<p>Date<br \/>\n<span class=\"wpcf7-form-control-wrap\" data-name=\"Data\"><input class=\"wpcf7-form-control wpcf7-date wpcf7-validates-as-required wpcf7-validates-as-date Data\" aria-required=\"true\" aria-invalid=\"false\" value=\"\" type=\"date\" name=\"Data\" \/><\/span><br \/>\nRegistration<br \/>\n<span class=\"wpcf7-form-control-wrap\" data-name=\"Matricula\"><input size=\"40\" maxlength=\"400\" class=\"wpcf7-form-control wpcf7-text wpcf7-validates-as-required\" aria-required=\"true\" aria-invalid=\"false\" value=\"\" type=\"text\" name=\"Matricula\" \/><\/span><br \/>\nConsumo M\u00e9dio<br \/>\n<span class=\"wpcf7-form-control-wrap\" data-name=\"Consumo\"><input size=\"40\" maxlength=\"400\" class=\"wpcf7-form-control wpcf7-text Consumo\" aria-invalid=\"false\" value=\"\" type=\"text\" name=\"Consumo\" \/><\/span>\n<\/p>\n<h3>Limpeza \/ Manuten\u00e7\u00e3o\n<\/h3>\n<p>Aspecto Geral Exterior &nbsp;&nbsp;&nbsp;&nbsp;&nbsp;&nbsp;&nbsp;&nbsp;<span class=\"wpcf7-form-control-wrap\" data-name=\"exterior\"><span class=\"wpcf7-form-control wpcf7-radio\"><span class=\"wpcf7-list-item first\"><input type=\"radio\" name=\"exterior\" value=\"Mau\" \/><span class=\"wpcf7-list-item-label\">Mau<\/span><\/span><span class=\"wpcf7-list-item\"><input type=\"radio\" name=\"exterior\" value=\"Suficiente\" \/><span class=\"wpcf7-list-item-label\">Suficiente<\/span><\/span><span class=\"wpcf7-list-item last\"><input type=\"radio\" name=\"exterior\" value=\"Bom\" \/><span class=\"wpcf7-list-item-label\">Bom<\/span><\/span><\/span><\/span>\n<\/p>\n<p>Aspecto Geral Interior &nbsp;&nbsp;&nbsp;&nbsp;&nbsp;&nbsp;&nbsp;&nbsp;<span class=\"wpcf7-form-control-wrap\" data-name=\"interior\"><span class=\"wpcf7-form-control wpcf7-radio\"><span class=\"wpcf7-list-item first\"><input type=\"radio\" name=\"interior\" value=\"Mau\" \/><span class=\"wpcf7-list-item-label\">Mau<\/span><\/span><span class=\"wpcf7-list-item\"><input type=\"radio\" name=\"interior\" value=\"Suficiente\" \/><span class=\"wpcf7-list-item-label\">Suficiente<\/span><\/span><span class=\"wpcf7-list-item last\"><input type=\"radio\" name=\"interior\" value=\"Bom\" \/><span class=\"wpcf7-list-item-label\">Bom<\/span><\/span><\/span><\/span>\n<\/p>\n<p>Forras de assento e bancos <span class=\"wpcf7-form-control-wrap\" data-name=\"bancos\"><span class=\"wpcf7-form-control wpcf7-radio\"><span class=\"wpcf7-list-item first\"><input type=\"radio\" name=\"bancos\" value=\"Mau\" \/><span class=\"wpcf7-list-item-label\">Mau<\/span><\/span><span class=\"wpcf7-list-item\"><input type=\"radio\" name=\"bancos\" value=\"Suficiente\" \/><span class=\"wpcf7-list-item-label\">Suficiente<\/span><\/span><span class=\"wpcf7-list-item last\"><input type=\"radio\" name=\"bancos\" value=\"Bom\" \/><span class=\"wpcf7-list-item-label\">Bom<\/span><\/span><\/span><\/span>\n<\/p>\n<p>Far\u00f3is&nbsp;&nbsp;&nbsp;&nbsp; &nbsp;&nbsp;&nbsp;&nbsp;&nbsp;&nbsp; &nbsp;&nbsp;&nbsp;&nbsp;&nbsp; &nbsp;&nbsp;&nbsp;&nbsp;&nbsp;<span class=\"wpcf7-form-control-wrap\" data-name=\"farois\"><span class=\"wpcf7-form-control wpcf7-radio\"><span class=\"wpcf7-list-item first\"><input type=\"radio\" name=\"farois\" value=\"Mau\" \/><span class=\"wpcf7-list-item-label\">Mau<\/span><\/span><span class=\"wpcf7-list-item\"><input type=\"radio\" name=\"farois\" value=\"Suficiente\" \/><span class=\"wpcf7-list-item-label\">Suficiente<\/span><\/span><span class=\"wpcf7-list-item last\"><input type=\"radio\" name=\"farois\" value=\"Bom\" \/><span class=\"wpcf7-list-item-label\">Bom<\/span><\/span><\/span><\/span>\n<\/p>\n<p><strong>Documenta\u00e7\u00e3o Existente<\/strong>\n<\/p>\n<p>Pasta de Instru\u00e7\u00f5es Ve\u00edculo <span class=\"wpcf7-form-control-wrap\" data-name=\"Aspecto\"><span class=\"wpcf7-form-control wpcf7-radio Aspeto Geral\"><span class=\"wpcf7-list-item first\"><label><input type=\"radio\" name=\"Aspecto\" value=\"Mau\" \/><span class=\"wpcf7-list-item-label\">Mau<\/span><\/label><\/span><span class=\"wpcf7-list-item\"><label><input type=\"radio\" name=\"Aspecto\" value=\"Suficiente\" \/><span class=\"wpcf7-list-item-label\">Suficiente<\/span><\/label><\/span><span class=\"wpcf7-list-item last\"><label><input type=\"radio\" name=\"Aspecto\" value=\"Bom\" \/><span class=\"wpcf7-list-item-label\">Bom<\/span><\/label><\/span><\/span><\/span><br \/>\nPasta de Documenta\u00e7\u00e3o de Ve\u00edculo <span class=\"wpcf7-form-control-wrap\" data-name=\"Aspecto\"><span class=\"wpcf7-form-control wpcf7-radio Aspeto Geral\"><span class=\"wpcf7-list-item first\"><label><input type=\"radio\" name=\"Aspecto\" value=\"Mau\" \/><span class=\"wpcf7-list-item-label\">Mau<\/span><\/label><\/span><span class=\"wpcf7-list-item\"><label><input type=\"radio\" name=\"Aspecto\" value=\"Suficiente\" \/><span class=\"wpcf7-list-item-label\">Suficiente<\/span><\/label><\/span><span class=\"wpcf7-list-item last\"><label><input type=\"radio\" name=\"Aspecto\" value=\"Bom\" \/><span class=\"wpcf7-list-item-label\">Bom<\/span><\/label><\/span><\/span><\/span><br \/>\nLivro CMR <span class=\"wpcf7-form-control-wrap\" data-name=\"Aspecto\"><span class=\"wpcf7-form-control wpcf7-radio Aspeto Geral\"><span class=\"wpcf7-list-item first\"><label><input type=\"radio\" name=\"Aspecto\" value=\"Mau\" \/><span class=\"wpcf7-list-item-label\">Mau<\/span><\/label><\/span><span class=\"wpcf7-list-item\"><label><input type=\"radio\" name=\"Aspecto\" value=\"Suficiente\" \/><span class=\"wpcf7-list-item-label\">Suficiente<\/span><\/label><\/span><span class=\"wpcf7-list-item last\"><label><input type=\"radio\" name=\"Aspecto\" value=\"Bom\" \/><span class=\"wpcf7-list-item-label\">Bom<\/span><\/label><\/span><\/span><\/span><br \/>\nRolos Tac\u00f3grafo <span class=\"wpcf7-form-control-wrap\" data-name=\"Aspecto\"><span class=\"wpcf7-form-control wpcf7-radio Aspeto Geral\"><span class=\"wpcf7-list-item first\"><label><input type=\"radio\" name=\"Aspecto\" value=\"Mau\" \/><span class=\"wpcf7-list-item-label\">Mau<\/span><\/label><\/span><span class=\"wpcf7-list-item\"><label><input type=\"radio\" name=\"Aspecto\" value=\"Suficiente\" \/><span class=\"wpcf7-list-item-label\">Suficiente<\/span><\/label><\/span><span class=\"wpcf7-list-item last\"><label><input type=\"radio\" name=\"Aspecto\" value=\"Bom\" \/><span class=\"wpcf7-list-item-label\">Bom<\/span><\/label><\/span><\/span><\/span>\n<\/p>\n<p><br \/>\n<input class=\"wpcf7-form-control wpcf7-submit has-spinner\" type=\"submit\" value=\"Send\" \/>\n<\/p><div class=\"wpcf7-response-output\" aria-hidden=\"true\"><\/div>\n<input type=\"hidden\" name=\"trp-form-language\" value=\"en\"\/><\/form>\n<\/div>\n<\/div>\n\t\t\t\t\t\t<\/div>\n\t\t\t\t<\/div>\n\t\t\t\t\t<\/div>\n\t\t\t\t<\/div>\n\t\t\t\t<\/div>","protected":false},"excerpt":{"rendered":"","protected":false},"author":1,"featured_media":0,"parent":0,"menu_order":0,"comment_status":"closed","ping_status":"closed","template":"","meta":{"footnotes":""},"class_list":["post-1382","page","type-page","status-publish","hentry"],"_links":{"self":[{"href":"https:\/\/gssweb.pt\/en\/wp-json\/wp\/v2\/pages\/1382","targetHints":{"allow":["GET"]}}],"collection":[{"href":"https:\/\/gssweb.pt\/en\/wp-json\/wp\/v2\/pages"}],"about":[{"href":"https:\/\/gssweb.pt\/en\/wp-json\/wp\/v2\/types\/page"}],"author":[{"embeddable":true,"href":"https:\/\/gssweb.pt\/en\/wp-json\/wp\/v2\/users\/1"}],"replies":[{"embeddable":true,"href":"https:\/\/gssweb.pt\/en\/wp-json\/wp\/v2\/comments?post=1382"}],"version-history":[{"count":8,"href":"https:\/\/gssweb.pt\/en\/wp-json\/wp\/v2\/pages\/1382\/revisions"}],"predecessor-version":[{"id":1392,"href":"https:\/\/gssweb.pt\/en\/wp-json\/wp\/v2\/pages\/1382\/revisions\/1392"}],"wp:attachment":[{"href":"https:\/\/gssweb.pt\/en\/wp-json\/wp\/v2\/media?parent=1382"}],"curies":[{"name":"wp","href":"https:\/\/api.w.org\/{rel}","templated":true}]}}