{"id":826,"date":"2026-02-05T15:08:25","date_gmt":"2026-02-05T15:08:25","guid":{"rendered":"http:\/\/gssweb.pt\/?page_id=826"},"modified":"2026-02-11T10:17:28","modified_gmt":"2026-02-11T10:17:28","slug":"verificacao","status":"publish","type":"page","link":"https:\/\/gssweb.pt\/en\/verificacao\/","title":{"rendered":"Verifica\u00e7\u00e3o da Viatura &#8211; Almornos"},"content":{"rendered":"<div data-elementor-type=\"wp-page\" data-elementor-id=\"826\" class=\"elementor elementor-826\">\n\t\t\t\t<div class=\"elementor-element elementor-element-11c7f0b e-flex e-con-boxed wpr-particle-no wpr-jarallax-no wpr-parallax-no wpr-sticky-section-no e-con e-parent\" data-id=\"11c7f0b\" data-element_type=\"container\" data-e-type=\"container\">\n\t\t\t\t\t<div class=\"e-con-inner\">\n\t\t\t\t<div class=\"elementor-element elementor-element-ca5a5dd elementor-widget elementor-widget-text-editor\" data-id=\"ca5a5dd\" data-element_type=\"widget\" data-e-type=\"widget\" data-widget_type=\"text-editor.default\">\n\t\t\t\t<div class=\"elementor-widget-container\">\n\t\t\t\t\t\t\t\t\t<p>Preencher sempre que a viatura trocar de motorista<\/p>\t\t\t\t\t\t\t\t<\/div>\n\t\t\t\t<\/div>\n\t\t\t\t\t<\/div>\n\t\t\t\t<\/div>\n\t\t<div class=\"elementor-element elementor-element-a52fa3d e-flex e-con-boxed wpr-particle-no wpr-jarallax-no wpr-parallax-no wpr-sticky-section-no e-con e-parent\" data-id=\"a52fa3d\" data-element_type=\"container\" data-e-type=\"container\">\n\t\t\t\t\t<div class=\"e-con-inner\">\n\t\t\t\t<div class=\"elementor-element elementor-element-23f4e4d elementor-widget elementor-widget-shortcode\" data-id=\"23f4e4d\" data-element_type=\"widget\" data-e-type=\"widget\" data-widget_type=\"shortcode.default\">\n\t\t\t\t<div class=\"elementor-widget-container\">\n\t\t\t\t\t\t\t<div class=\"elementor-shortcode\">\n<div class=\"wpcf7 no-js\" id=\"wpcf7-f1289-o1\" lang=\"pt-PT\" dir=\"ltr\" data-wpcf7-id=\"1289\">\n<div class=\"screen-reader-response\"><p role=\"status\" aria-live=\"polite\" aria-atomic=\"true\"><\/p> <ul><\/ul><\/div>\n<form action=\"\/en\/wp-json\/wp\/v2\/pages\/826#wpcf7-f1289-o1\" method=\"post\" class=\"wpcf7-form init\" aria-label=\"Formul\u00e1rio de contacto\" novalidate=\"novalidate\" data-status=\"init\" data-trp-original-action=\"\/en\/wp-json\/wp\/v2\/pages\/826#wpcf7-f1289-o1\">\n<fieldset class=\"hidden-fields-container\"><input type=\"hidden\" name=\"_wpcf7\" value=\"1289\" \/><input type=\"hidden\" name=\"_wpcf7_version\" value=\"6.1.5\" \/><input type=\"hidden\" name=\"_wpcf7_locale\" value=\"pt_PT\" \/><input type=\"hidden\" name=\"_wpcf7_unit_tag\" value=\"wpcf7-f1289-o1\" \/><input type=\"hidden\" name=\"_wpcf7_container_post\" value=\"0\" \/><input type=\"hidden\" name=\"_wpcf7_posted_data_hash\" value=\"\" \/><input type=\"hidden\" name=\"rsmfcf7_session\" value=\"33aa5fd6-029d-4105-aa2e-ea46b87ddab7\" \/>\n<\/fieldset>\n<link rel=\"stylesheet\" href=\"https:\/\/gssweb.pt\/wp-content\/plugins\/pdf-forms-for-contact-form-7\/css\/frontend.css\" \/><script type=\"text\/javascript\" src=\"https:\/\/gssweb.pt\/wp-content\/plugins\/pdf-forms-for-contact-form-7\/js\/frontend.js?ver=2.2.5\"><\/script><p><span class=\"wpcf7-form-control-wrap\" data-name=\"radio-710\"><span class=\"wpcf7-form-control wpcf7-radio\"><span class=\"wpcf7-list-item first\"><label><input type=\"radio\" name=\"radio-710\" value=\"Transportadora Ideal do Bairro de Alc\u00e2ntara\" \/><span class=\"wpcf7-list-item-label\">Transportadora Ideal do Bairro de Alc\u00e2ntara<\/span><\/label><\/span><span class=\"wpcf7-list-item last\"><label><input type=\"radio\" name=\"radio-710\" value=\"Repnunmar - Log\u00edstica e Tr\u00e2nsitos\" \/><span class=\"wpcf7-list-item-label\">Repnunmar - Log\u00edstica e Tr\u00e2nsitos<\/span><\/label><\/span><\/span><\/span>\n<\/p>\n<p><br \/>\n<label> Motorista<br \/>\n<span class=\"wpcf7-form-control-wrap\" data-name=\"motorista\"><input size=\"40\" maxlength=\"400\" class=\"wpcf7-form-control wpcf7-text wpcf7-validates-as-required\" aria-required=\"true\" aria-invalid=\"false\" value=\"\" type=\"text\" name=\"motorista\" \/><\/span><br \/>\n<\/label>\n<\/p>\n<p><br \/>\n<label> Matr\u00edcula da Viatura<br \/>\n<span class=\"wpcf7-form-control-wrap\" data-name=\"viatura\"><input size=\"40\" maxlength=\"400\" class=\"wpcf7-form-control wpcf7-text wpcf7-validates-as-required\" aria-required=\"true\" aria-invalid=\"false\" value=\"\" type=\"text\" name=\"viatura\" \/><\/span><br \/>\n<\/label>\n<\/p>\n<p><br \/>\n<label> Kms<br \/>\n<span class=\"wpcf7-form-control-wrap\" data-name=\"Kms\"><input size=\"40\" maxlength=\"400\" class=\"wpcf7-form-control wpcf7-text\" aria-invalid=\"false\" placeholder=\"\" value=\"\" type=\"text\" name=\"Kms\" \/><\/span><br \/>\n<\/label>\n<\/p>\n<p><br \/>\n<label> Date<br \/>\n<span class=\"wpcf7-form-control-wrap\" data-name=\"data\"><input class=\"wpcf7-form-control wpcf7-date wpcf7-validates-as-required wpcf7-validates-as-date\" aria-required=\"true\" aria-invalid=\"false\" value=\"\" type=\"date\" name=\"data\" \/><\/span><br \/>\n<\/label>\n<\/p>\n<p><br \/>\n<label> Horas<br \/>\n<span class=\"wpcf7-form-control-wrap\" data-name=\"horas\"><input size=\"40\" maxlength=\"400\" class=\"wpcf7-form-control wpcf7-text wpcf7-validates-as-required\" aria-required=\"true\" aria-invalid=\"false\" placeholder=\"Ex: 14:30\" value=\"\" type=\"text\" name=\"horas\" \/><\/span><br \/>\n<\/label>\n<\/p>\n<p><br \/>\n<label> Observa\u00e7\u00f5es( Em caso de anomalia deve preencher a Comunica\u00e7\u00e3o de Problemas<br \/>\n<span class=\"wpcf7-form-control-wrap\" data-name=\"observacoes\"><textarea cols=\"40\" rows=\"10\" maxlength=\"2000\" class=\"wpcf7-form-control wpcf7-textarea wpcf7-validates-as-required\" aria-required=\"true\" aria-invalid=\"false\" name=\"observacoes\"><\/textarea><\/span><br \/>\n<\/label>\n<\/p>\n<p><br \/>\n<label> Fotografias da viatura (6 fotos obrigat\u00f3rio)<br \/>\n<input type=\"text\" name=\"multi_file_upload-346\" size=\"40\" hide-input-file=\"true\" id=\"multi_file_upload_62999083\" \/>\n            <div class=\"wpcf7-form-control-wrap\" data-name=\"multi_file_upload-346\">\n                <label style=\"border-color: #000000; border-radius: 5px; border-style:solid !important; background-color: #ffffff; color: #000000;\" for=\"multi_file_upload_74632632\" class=\"rsmfcf7--file-upload wpcf7-form-control wpcf7-multi_file_upload wpcf7-validates-as-required\">\n                    <svg style='color:#000000'; xmlns=\"http:\/\/www.w3.org\/2000\/svg\" width=\"24\" height=\"24\" viewbox=\"0 0 24 24\" fill=\"none\" stroke=\"currentColor\" stroke-width=\"2\" stroke-linecap=\"round\" stroke-linejoin=\"round\">\n  <path d=\"M21 15v4a2 2 0 0 1-2 2H5a2 2 0 0 1-2-2v-4\"><\/path>\n  <polyline points=\"17 8 12 3 7 8\"><\/polyline>\n  <line x1=\"12\" y1=\"3\" x2=\"12\" y2=\"15\"><\/line>\n<\/svg>  File Upload*\n                    <small class=\"rsmfcf7--counter\" data-for=\"multi_file_upload-346\">0<\/small>\n                <\/label>\n                <div class=\"rsmfcf7--file-upload-wrapper\">\n                    <small class=\"rsmfcf7--info\">Allowed file formats: .jpeg,.png,.jpg,.gif \u2014 Max file size: 8mb<\/small>\n                    <ul class=\"rsmfcf7--file-list\"><\/ul>\n                    <div class=\"rsmfcf7--file-upload-error\"><\/div>\n                    <div class=\"rsmfcf7--file-limit-msg\"><\/div>\n                    <input type=\"file\" name=\"multi_file_upload-346_uploaded[]\" multiple=\"multiple\" customize-input-file=\"true\" size=\"40\" id=\"multi_file_upload_74632632\" accept=\".jpeg,.png,.jpg,.gif\" data-min-files=\"6\" data-max-files=\"6\" data-max-file-size=\"8mb\" \/>\n                <\/div>\n            <\/div>\n            <br \/>\n<\/label>\n<\/p>\n<p><br \/>\n<label> Assinatura do motorista<br \/>\n<div class=\"dscf7_signature\">\n\t\t\t<div class=\"dscf7_signature_inner\">\n\t\t\t\t<canvas id=\"digital_signature-pad_signature-589\" name=\"signature-589\" class=\"digital_signature-pad\" color=\"#000000\" backcolor=\"#dddddd\" width=\"300\" height=\"200\"><\/canvas>\n\t\t\t\t<input class=\"clearButton\" type=\"button\" value=\"+\">\n\t\t\t<\/div>\n\t\t\t<span class=\"wpcf7-form-control-wrap signature-589\" data-name=\"signature-589\">\n\t\t\t\t<input class=\"wpcf7-form-control wpcf7-signature wpcf7-validates-as-required wpcf7-validates-as-signature dscf7-signature\" value=\"\" type=\"hidden\" name=\"signature-589\"\/>\n\t\t\t\t<input type=\"hidden\" name=\"signature-589-attachment\" class=\"wpcf7_input_signature-589_attachment\"\/>\n\t\t\t\t<input type=\"hidden\" name=\"signature-589-inline\" class=\"wpcf7_input_signature-589_inline\"\/>\n\t\t\t<\/span>\n\t\t<\/div><br \/>\n<\/label>\n<\/p>\n<p><span class=\"wpcf7-form-control-wrap\" data-name=\"acceptance-254\"><span class=\"wpcf7-form-control wpcf7-acceptance optional\"><span class=\"wpcf7-list-item\"><label><input type=\"checkbox\" name=\"acceptance-254\" value=\"1\" aria-invalid=\"false\" \/><span class=\"wpcf7-list-item-label\">Eu aceito os termos e condi\u00e7\u00f5es<\/span><\/label><\/span><\/span><\/span>\n<\/p>\n<p><br \/>\n<input class=\"wpcf7-form-control wpcf7-submit has-spinner\" type=\"submit\" value=\"Send\" \/>\n<\/p><div class=\"wpcf7-response-output\" aria-hidden=\"true\"><\/div>\n<input type=\"hidden\" name=\"trp-form-language\" value=\"en\"\/><\/form>\n<\/div>\n<\/div>\n\t\t\t\t\t\t<\/div>\n\t\t\t\t<\/div>\n\t\t\t\t\t<\/div>\n\t\t\t\t<\/div>\n\t\t\t\t<\/div>","protected":false},"excerpt":{"rendered":"<p>Preencher sempre que a viatura trocar de motorista<\/p>","protected":false},"author":1,"featured_media":0,"parent":0,"menu_order":0,"comment_status":"closed","ping_status":"closed","template":"","meta":{"footnotes":""},"class_list":["post-826","page","type-page","status-publish","hentry"],"_links":{"self":[{"href":"https:\/\/gssweb.pt\/en\/wp-json\/wp\/v2\/pages\/826","targetHints":{"allow":["GET"]}}],"collection":[{"href":"https:\/\/gssweb.pt\/en\/wp-json\/wp\/v2\/pages"}],"about":[{"href":"https:\/\/gssweb.pt\/en\/wp-json\/wp\/v2\/types\/page"}],"author":[{"embeddable":true,"href":"https:\/\/gssweb.pt\/en\/wp-json\/wp\/v2\/users\/1"}],"replies":[{"embeddable":true,"href":"https:\/\/gssweb.pt\/en\/wp-json\/wp\/v2\/comments?post=826"}],"version-history":[{"count":15,"href":"https:\/\/gssweb.pt\/en\/wp-json\/wp\/v2\/pages\/826\/revisions"}],"predecessor-version":[{"id":1342,"href":"https:\/\/gssweb.pt\/en\/wp-json\/wp\/v2\/pages\/826\/revisions\/1342"}],"wp:attachment":[{"href":"https:\/\/gssweb.pt\/en\/wp-json\/wp\/v2\/media?parent=826"}],"curies":[{"name":"wp","href":"https:\/\/api.w.org\/{rel}","templated":true}]}}