{"id":967,"date":"2024-01-11T13:58:54","date_gmt":"2024-01-11T13:58:54","guid":{"rendered":"http:\/\/gssweb.pt\/?page_id=967"},"modified":"2025-06-05T13:14:01","modified_gmt":"2025-06-05T13:14:01","slug":"pre-reserva-sines","status":"publish","type":"page","link":"https:\/\/gssweb.pt\/en\/pre-reserva-sines\/","title":{"rendered":""},"content":{"rendered":"<div data-elementor-type=\"wp-page\" data-elementor-id=\"967\" class=\"elementor elementor-967\">\n\t\t\t\t\t\t<section class=\"elementor-section elementor-top-section elementor-element elementor-element-27fce1d6 elementor-section-boxed elementor-section-height-default elementor-section-height-default wpr-particle-no wpr-jarallax-no wpr-parallax-no wpr-sticky-section-no\" data-id=\"27fce1d6\" data-element_type=\"section\" data-e-type=\"section\">\n\t\t\t\t\t\t<div class=\"elementor-container elementor-column-gap-default\">\n\t\t\t\t\t<div class=\"elementor-column elementor-col-100 elementor-top-column elementor-element elementor-element-cc3dae5\" data-id=\"cc3dae5\" data-element_type=\"column\" data-e-type=\"column\">\n\t\t\t<div class=\"elementor-widget-wrap elementor-element-populated\">\n\t\t\t\t\t\t<div class=\"elementor-element elementor-element-7a637944 elementor-widget elementor-widget-heading\" data-id=\"7a637944\" data-element_type=\"widget\" data-e-type=\"widget\" data-widget_type=\"heading.default\">\n\t\t\t\t<div class=\"elementor-widget-container\">\n\t\t\t\t\t<h2 class=\"elementor-heading-title elementor-size-default\">Pr\u00e9-Reserva do Contentor - Sines<\/h2>\t\t\t\t<\/div>\n\t\t\t\t<\/div>\n\t\t\t\t<div class=\"elementor-element elementor-element-3ec6025 elementor-widget elementor-widget-heading\" data-id=\"3ec6025\" data-element_type=\"widget\" data-e-type=\"widget\" data-widget_type=\"heading.default\">\n\t\t\t\t<div class=\"elementor-widget-container\">\n\t\t\t\t\t<h2 class=\"elementor-heading-title elementor-size-default\">Fill out the form below and pre-book the container.<\/h2>\t\t\t\t<\/div>\n\t\t\t\t<\/div>\n\t\t\t\t<div class=\"elementor-element elementor-element-356cbace wpr-step-type-number_text wpr-step-content-layout-vertical wpr-custom-styles-yes elementor-widget elementor-widget-wpr-form-builder\" data-id=\"356cbace\" data-element_type=\"widget\" data-e-type=\"widget\" data-settings=\"{&quot;success_message&quot;:&quot;Pr\\u00e9-Reserva realizada com Sucesso&quot;,&quot;error_message&quot;:&quot;Erro - A pr\\u00e9-reserva n\\u00e3o foi enviada.&quot;,&quot;button_width&quot;:{&quot;unit&quot;:&quot;%&quot;,&quot;size&quot;:100,&quot;sizes&quot;:[]},&quot;button_width_tablet&quot;:{&quot;unit&quot;:&quot;px&quot;,&quot;size&quot;:&quot;&quot;,&quot;sizes&quot;:[]},&quot;button_width_mobile&quot;:{&quot;unit&quot;:&quot;px&quot;,&quot;size&quot;:&quot;&quot;,&quot;sizes&quot;:[]},&quot;step_type&quot;:&quot;number_text&quot;,&quot;step_content_layout&quot;:&quot;vertical&quot;}\" data-widget_type=\"wpr-form-builder.default\">\n\t\t\t\t<div class=\"elementor-widget-container\">\n\t\t\t\t\t\t\t<form class=\"wpr-form\" method=\"post\" name=\"New Form\" page=\"\" page_id=\"967\" novalidate action=\"\">\n\t\t\t<input type=\"hidden\" name=\"post_id\" value=\"967\"\/>\n\t\t\t<input type=\"hidden\" name=\"form_id\" value=\"356cbace\"\/>\n\t\t\t<input type=\"hidden\" name=\"referer_title\" value=\"\" \/>\n\n\t\t\t<div class=\"wpr-step-wrap\"><\/div>\n\t\t\t<div class=\"wpr-form-fields-wrap wpr-labels-above\">\n\t\t\t\t\t\t\t\t\t<div class=\"wpr-form-field-type-radio wpr-field-group wpr-column wpr-field-group-d5b62e9 elementor-repeater-item-d5b62e9 wpr-form-field-required wpr-required-mark\">\n\t\t\t\t\t\t\t\t\t\t\t\t\t\t<label for=\"form-field-d5b62e9\" class=\"wpr-form-field-label\" data-alt-label=\"Servi\u00e7o a efetuar\">\n\t\t\t\t\t\t\t\t\tService to be performed\t\t\t\t\t\t\t\t<\/label>\n\t\t\t\t\t\t\t<div class=\"wpr-field-sub-group  wpr-inline-sub-group\"><span class=\"wpr-form-field-option\" data-key=\"form-field-d5b62e9\"><input type=\"radio\" value=\"Entrada vazio\" id=\"form-field-d5b62e9-0\" name=\"form_fields[d5b62e9]\" required=\"required\" aria-required=\"true\"> <label for=\"form-field-d5b62e9-0\">Empty entry<\/label><\/span><span class=\"wpr-form-field-option\" data-key=\"form-field-d5b62e9\"><input type=\"radio\" value=\"Sa\u00edda vazio\" id=\"form-field-d5b62e9-1\" name=\"form_fields[d5b62e9]\" required=\"required\" aria-required=\"true\"> <label for=\"form-field-d5b62e9-1\">Empty output<\/label><\/span><span class=\"wpr-form-field-option\" data-key=\"form-field-d5b62e9\"><input type=\"radio\" value=\"Tr\u00e2nsito vazio\" id=\"form-field-d5b62e9-2\" name=\"form_fields[d5b62e9]\" required=\"required\" aria-required=\"true\"> <label for=\"form-field-d5b62e9-2\">Empty traffic<\/label><\/span><span class=\"wpr-form-field-option\" data-key=\"form-field-d5b62e9\"><input type=\"radio\" value=\"Entrada cheio\" id=\"form-field-d5b62e9-3\" name=\"form_fields[d5b62e9]\" required=\"required\" aria-required=\"true\"> <label for=\"form-field-d5b62e9-3\">Full entry<\/label><\/span><span class=\"wpr-form-field-option\" data-key=\"form-field-d5b62e9\"><input type=\"radio\" value=\"Sa\u00edda cheio\" id=\"form-field-d5b62e9-4\" name=\"form_fields[d5b62e9]\" required=\"required\" aria-required=\"true\"> <label for=\"form-field-d5b62e9-4\">Full output<\/label><\/span><span class=\"wpr-form-field-option\" data-key=\"form-field-d5b62e9\"><input type=\"radio\" value=\"Tr\u00e2nsito cheio\" id=\"form-field-d5b62e9-5\" name=\"form_fields[d5b62e9]\" required=\"required\" aria-required=\"true\"> <label for=\"form-field-d5b62e9-5\">Full traffic<\/label><\/span><\/div>\t\t\t\t\t<\/div>\n\t\t\t\t\t\t\t\t\t<div class=\"wpr-form-field-type-text wpr-field-group wpr-column wpr-field-group-Transportadora elementor-repeater-item-804d7f0 wpr-form-field-required wpr-required-mark\">\n\t\t\t\t\t\t\t\t\t\t\t\t\t\t<label for=\"form-field-Transportadora\" class=\"wpr-form-field-label\" data-alt-label=\"Transportadora\">\n\t\t\t\t\t\t\t\t\tCarrying\t\t\t\t\t\t\t\t<\/label>\n\t\t\t\t\t\t\t<input size=\"1 \"type=\"text\" name=\"form_fields[Transportadora]\" id=\"form-field-Transportadora\" class=\"wpr-form-field  wpr-form-field-textual\" required=\"required\" aria-required=\"true\">\t\t\t\t\t<\/div>\n\t\t\t\t\t\t\t\t\t<div class=\"wpr-form-field-type-text wpr-field-group wpr-column wpr-field-group-Matr\u00edcula elementor-repeater-item-e9b1919 wpr-form-field-required wpr-required-mark\">\n\t\t\t\t\t\t\t\t\t\t\t\t\t\t<label for=\"form-field-Matr\u00edcula\" class=\"wpr-form-field-label\" data-alt-label=\"Matr\u00edcula\">\n\t\t\t\t\t\t\t\t\tRegistration\t\t\t\t\t\t\t\t<\/label>\n\t\t\t\t\t\t\t<input size=\"1 \"type=\"text\" name=\"form_fields[Matr\u00edcula]\" id=\"form-field-Matr\u00edcula\" class=\"wpr-form-field  wpr-form-field-textual\" required=\"required\" aria-required=\"true\">\t\t\t\t\t<\/div>\n\t\t\t\t\t\t\t\t\t<div class=\"wpr-form-field-type-text wpr-field-group wpr-column wpr-field-group-Nome elementor-repeater-item-37ef335 wpr-form-field-required wpr-required-mark\">\n\t\t\t\t\t\t\t\t\t\t\t\t\t\t<label for=\"form-field-Nome\" class=\"wpr-form-field-label\" data-alt-label=\"Nome\">\n\t\t\t\t\t\t\t\t\tName\t\t\t\t\t\t\t\t<\/label>\n\t\t\t\t\t\t\t<input size=\"1 \"type=\"text\" name=\"form_fields[Nome]\" id=\"form-field-Nome\" class=\"wpr-form-field  wpr-form-field-textual\" required=\"required\" aria-required=\"true\">\t\t\t\t\t<\/div>\n\t\t\t\t\t\t\t\t\t<div class=\"wpr-form-field-type-text wpr-field-group wpr-column wpr-field-group-Cart\u00e3o do Cidad\u00e3o elementor-repeater-item-3dc03cd\">\n\t\t\t\t\t\t\t\t\t\t\t\t\t\t<label for=\"form-field-Cart\u00e3o do Cidad\u00e3o\" class=\"wpr-form-field-label\" data-alt-label=\"Cart\u00e3o do Cidad\u00e3o\">\n\t\t\t\t\t\t\t\t\tCitizen Card\t\t\t\t\t\t\t\t<\/label>\n\t\t\t\t\t\t\t<input size=\"1 \"type=\"text\" name=\"form_fields[Cart\u00e3o do Cidad\u00e3o]\" id=\"form-field-Cart\u00e3o do Cidad\u00e3o\" class=\"wpr-form-field  wpr-form-field-textual\">\t\t\t\t\t<\/div>\n\t\t\t\t\t\t\t\t\t<div class=\"wpr-form-field-type-tel wpr-field-group wpr-column wpr-field-group-Contacto tel. elementor-repeater-item-fc2f8b5 wpr-form-field-required wpr-required-mark\">\n\t\t\t\t\t\t\t\t\t\t\t\t\t\t<label for=\"form-field-Contacto tel.\" class=\"wpr-form-field-label\" data-alt-label=\"Contacto telef\u00f3nico\">\n\t\t\t\t\t\t\t\t\tTelephone contact\t\t\t\t\t\t\t\t<\/label>\n\t\t\t\t\t\t\t<input size=\"1 \"type=\"tel\" name=\"form_fields[Contacto tel.]\" id=\"form-field-Contacto tel.\" class=\"wpr-form-field  wpr-form-field-textual\" required=\"required\" aria-required=\"true\">\t\t\t\t\t<\/div>\n\t\t\t\t\t\t\t\t\t<div class=\"wpr-form-field-type-text wpr-field-group wpr-column wpr-field-group-Contentor n\u00ba elementor-repeater-item-930e04e\">\n\t\t\t\t\t\t\t\t\t\t\t\t\t\t<label for=\"form-field-Contentor n\u00ba\" class=\"wpr-form-field-label\" data-alt-label=\"1 - Contentor  n\u00ba\">\n\t\t\t\t\t\t\t\t\t1 - Container no.\t\t\t\t\t\t\t\t<\/label>\n\t\t\t\t\t\t\t<input size=\"1 \"type=\"text\" name=\"form_fields[Contentor n\u00ba]\" id=\"form-field-Contentor n\u00ba\" class=\"wpr-form-field  wpr-form-field-textual\">\t\t\t\t\t<\/div>\n\t\t\t\t\t\t\t\t\t<div class=\"wpr-form-field-type-text wpr-field-group wpr-column wpr-field-group-Booking ref elementor-repeater-item-151ef89 wpr-form-field-required wpr-required-mark\">\n\t\t\t\t\t\t\t\t\t\t\t\t\t\t<label for=\"form-field-Booking ref\" class=\"wpr-form-field-label\" data-alt-label=\"1 - Booking ref. \">\n\t\t\t\t\t\t\t\t\t1 - Booking ref. \t\t\t\t\t\t\t\t<\/label>\n\t\t\t\t\t\t\t<input size=\"1 \"type=\"text\" name=\"form_fields[Booking ref]\" id=\"form-field-Booking ref\" class=\"wpr-form-field  wpr-form-field-textual\" required=\"required\" aria-required=\"true\">\t\t\t\t\t<\/div>\n\t\t\t\t\t\t\t\t\t<div class=\"wpr-form-field-type-text wpr-field-group wpr-column wpr-field-group-315adff elementor-repeater-item-315adff\">\n\t\t\t\t\t\t\t\t\t\t\t\t\t\t<label for=\"form-field-315adff\" class=\"wpr-form-field-label\" data-alt-label=\"1 - N\u00ba de selo\">\n\t\t\t\t\t\t\t\t\t1 - Seal number\t\t\t\t\t\t\t\t<\/label>\n\t\t\t\t\t\t\t<input size=\"1 \"type=\"text\" name=\"form_fields[315adff]\" id=\"form-field-315adff\" class=\"wpr-form-field  wpr-form-field-textual\">\t\t\t\t\t<\/div>\n\t\t\t\t\t\t\t\t\t<div class=\"wpr-form-field-type-text wpr-field-group wpr-column wpr-field-group-1dd8377 elementor-repeater-item-1dd8377\">\n\t\t\t\t\t\t\t\t\t\t\t\t\t\t<label for=\"form-field-1dd8377\" class=\"wpr-form-field-label\" data-alt-label=\"2 - Contentor  n\u00ba\">\n\t\t\t\t\t\t\t\t\t2 - Container no.\t\t\t\t\t\t\t\t<\/label>\n\t\t\t\t\t\t\t<input size=\"1 \"type=\"text\" name=\"form_fields[1dd8377]\" id=\"form-field-1dd8377\" class=\"wpr-form-field  wpr-form-field-textual\">\t\t\t\t\t<\/div>\n\t\t\t\t\t\t\t\t\t<div class=\"wpr-form-field-type-text wpr-field-group wpr-column wpr-field-group-7433be5 elementor-repeater-item-7433be5\">\n\t\t\t\t\t\t\t\t\t\t\t\t\t\t<label for=\"form-field-7433be5\" class=\"wpr-form-field-label\" data-alt-label=\"2 - Booking ref. \">\n\t\t\t\t\t\t\t\t\t2 - Booking ref. \t\t\t\t\t\t\t\t<\/label>\n\t\t\t\t\t\t\t<input size=\"1 \"type=\"text\" name=\"form_fields[7433be5]\" id=\"form-field-7433be5\" class=\"wpr-form-field  wpr-form-field-textual\">\t\t\t\t\t<\/div>\n\t\t\t\t\t\t\t\t\t<div class=\"wpr-form-field-type-text wpr-field-group wpr-column wpr-field-group-ced99d1 elementor-repeater-item-ced99d1\">\n\t\t\t\t\t\t\t\t\t\t\t\t\t\t<label for=\"form-field-ced99d1\" class=\"wpr-form-field-label\" data-alt-label=\"2 - N\u00ba de selo\">\n\t\t\t\t\t\t\t\t\t2 - Seal number\t\t\t\t\t\t\t\t<\/label>\n\t\t\t\t\t\t\t<input size=\"1 \"type=\"text\" name=\"form_fields[ced99d1]\" id=\"form-field-ced99d1\" class=\"wpr-form-field  wpr-form-field-textual\">\t\t\t\t\t<\/div>\n\t\t\t\t\t\t\t\t\t<div class=\"wpr-form-field-type-text wpr-field-group wpr-column wpr-field-group-089096b elementor-repeater-item-089096b\">\n\t\t\t\t\t\t\t\t\t\t\t\t\t\t<label for=\"form-field-089096b\" class=\"wpr-form-field-label\" data-alt-label=\"3 - Contentor  n\u00ba\">\n\t\t\t\t\t\t\t\t\t3 - Container no.\t\t\t\t\t\t\t\t<\/label>\n\t\t\t\t\t\t\t<input size=\"1 \"type=\"text\" name=\"form_fields[089096b]\" id=\"form-field-089096b\" class=\"wpr-form-field  wpr-form-field-textual\">\t\t\t\t\t<\/div>\n\t\t\t\t\t\t\t\t\t<div class=\"wpr-form-field-type-text wpr-field-group wpr-column wpr-field-group-ab2aa05 elementor-repeater-item-ab2aa05\">\n\t\t\t\t\t\t\t\t\t\t\t\t\t\t<label for=\"form-field-ab2aa05\" class=\"wpr-form-field-label\" data-alt-label=\"3 - Booking ref. \">\n\t\t\t\t\t\t\t\t\t3 - Booking ref. \t\t\t\t\t\t\t\t<\/label>\n\t\t\t\t\t\t\t<input size=\"1 \"type=\"text\" name=\"form_fields[ab2aa05]\" id=\"form-field-ab2aa05\" class=\"wpr-form-field  wpr-form-field-textual\">\t\t\t\t\t<\/div>\n\t\t\t\t\t\t\t\t\t<div class=\"wpr-form-field-type-text wpr-field-group wpr-column wpr-field-group-cc2612e elementor-repeater-item-cc2612e\">\n\t\t\t\t\t\t\t\t\t\t\t\t\t\t<label for=\"form-field-cc2612e\" class=\"wpr-form-field-label\" data-alt-label=\"3 - N\u00ba de selo\">\n\t\t\t\t\t\t\t\t\t3 - Seal number\t\t\t\t\t\t\t\t<\/label>\n\t\t\t\t\t\t\t<input size=\"1 \"type=\"text\" name=\"form_fields[cc2612e]\" id=\"form-field-cc2612e\" class=\"wpr-form-field  wpr-form-field-textual\">\t\t\t\t\t<\/div>\n\t\t\t\t\t\t\t\t\t<div class=\"wpr-form-field-type-checkbox wpr-field-group wpr-column wpr-field-group-ISO Code elementor-repeater-item-f60061b\">\n\t\t\t\t\t\t\t\t\t\t\t\t\t\t<label for=\"form-field-ISO Code\" class=\"wpr-form-field-label\" data-alt-label=\"ISO code\">\n\t\t\t\t\t\t\t\t\tISO code\t\t\t\t\t\t\t\t<\/label>\n\t\t\t\t\t\t\t<div class=\"wpr-field-sub-group  wpr-inline-sub-group\"><span class=\"wpr-form-field-option\" data-key=\"form-field-ISO Code\"><input type=\"checkbox\" value=\"22G1\" id=\"form-field-ISO Code-0\" name=\"form_fields[ISO Code][]\"> <label for=\"form-field-ISO Code-0\">22G1<\/label><\/span><span class=\"wpr-form-field-option\" data-key=\"form-field-ISO Code\"><input type=\"checkbox\" value=\"2EG1\" id=\"form-field-ISO Code-1\" name=\"form_fields[ISO Code][]\"> <label for=\"form-field-ISO Code-1\">2EG1<\/label><\/span><span class=\"wpr-form-field-option\" data-key=\"form-field-ISO Code\"><input type=\"checkbox\" value=\"42G1\" id=\"form-field-ISO Code-2\" name=\"form_fields[ISO Code][]\"> <label for=\"form-field-ISO Code-2\">42G1<\/label><\/span><span class=\"wpr-form-field-option\" data-key=\"form-field-ISO Code\"><input type=\"checkbox\" value=\"45G1\" id=\"form-field-ISO Code-3\" name=\"form_fields[ISO Code][]\"> <label for=\"form-field-ISO Code-3\">45G1<\/label><\/span><span class=\"wpr-form-field-option\" data-key=\"form-field-ISO Code\"><input type=\"checkbox\" value=\"4EG1\" id=\"form-field-ISO Code-4\" name=\"form_fields[ISO Code][]\"> <label for=\"form-field-ISO Code-4\">4EG1<\/label><\/span><span class=\"wpr-form-field-option\" data-key=\"form-field-ISO Code\"><input type=\"checkbox\" value=\"LEG1\" id=\"form-field-ISO Code-5\" name=\"form_fields[ISO Code][]\"> <label for=\"form-field-ISO Code-5\">LEG1<\/label><\/span><span class=\"wpr-form-field-option\" data-key=\"form-field-ISO Code\"><input type=\"checkbox\" value=\"22T6\" id=\"form-field-ISO Code-6\" name=\"form_fields[ISO Code][]\"> <label for=\"form-field-ISO Code-6\">22T6<\/label><\/span><\/div>\t\t\t\t\t<\/div>\n\t\t\t\t\t\t\t\t\t<div class=\"wpr-form-field-type-text wpr-field-group wpr-column wpr-field-group-4431afb elementor-repeater-item-4431afb\">\n\t\t\t\t\t\t\t\t\t\t\t\t\t\t<label for=\"form-field-4431afb\" class=\"wpr-form-field-label\" data-alt-label=\"Outro ISO Code\">\n\t\t\t\t\t\t\t\t\tOther ISO Code\t\t\t\t\t\t\t\t<\/label>\n\t\t\t\t\t\t\t<input size=\"1 \"type=\"text\" name=\"form_fields[4431afb]\" id=\"form-field-4431afb\" class=\"wpr-form-field  wpr-form-field-textual\">\t\t\t\t\t<\/div>\n\t\t\t\t\t\t\t\t\t<div class=\"wpr-form-field-type-text wpr-field-group wpr-column wpr-field-group-0ffb1c9 elementor-repeater-item-0ffb1c9 wpr-form-field-required wpr-required-mark\">\n\t\t\t\t\t\t\t\t\t\t\t\t\t\t<label for=\"form-field-0ffb1c9\" class=\"wpr-form-field-label\" data-alt-label=\"Ag\u00eancia\">\n\t\t\t\t\t\t\t\t\tAgency\t\t\t\t\t\t\t\t<\/label>\n\t\t\t\t\t\t\t<input size=\"1 \"type=\"text\" name=\"form_fields[0ffb1c9]\" id=\"form-field-0ffb1c9\" class=\"wpr-form-field  wpr-form-field-textual\" placeholder=\"Example: MSC\" required=\"required\" aria-required=\"true\">\t\t\t\t\t<\/div>\n\t\t\t\t\t\t\t\t\t<div class=\"wpr-form-field-type-date wpr-field-group wpr-column wpr-field-group-2618014 elementor-repeater-item-2618014 wpr-form-field-required wpr-required-mark\">\n\t\t\t\t\t\t\t\t\t\t\t\t\t\t<label for=\"form-field-2618014\" class=\"wpr-form-field-label\" data-alt-label=\"Data\">\n\t\t\t\t\t\t\t\t\tDate\t\t\t\t\t\t\t\t<\/label>\n\t\t\t\t\t\t\t<input size=\"1 \"type=\"date\" name=\"form_fields[2618014]\" id=\"form-field-2618014\" class=\"wpr-form-field  wpr-form-field-textual\" required=\"required\" aria-required=\"true\">\t\t\t\t\t<\/div>\n\t\t\t\t\t\t\t\t\t<div class=\"wpr-form-field-type-time wpr-field-group wpr-column wpr-field-group-Hora elementor-repeater-item-8589b7d wpr-form-field-required wpr-required-mark\">\n\t\t\t\t\t\t\t\t\t\t\t\t\t\t<label for=\"form-field-Hora\" class=\"wpr-form-field-label\" data-alt-label=\"Hora\">\n\t\t\t\t\t\t\t\t\tTime\t\t\t\t\t\t\t\t<\/label>\n\t\t\t\t\t\t\t<input size=\"1 \"type=\"time\" name=\"form_fields[Hora]\" id=\"form-field-Hora\" class=\"wpr-form-field  wpr-form-field-textual\" required=\"required\" aria-required=\"true\">\t\t\t\t\t<\/div>\n\t\t\t\t\t\t\t\t\t<div class=\"wpr-form-field-type-checkbox wpr-field-group wpr-column wpr-field-group-Tratamento de dados elementor-repeater-item-6e2f3f4 wpr-form-field-required wpr-required-mark\">\n\t\t\t\t\t\t\t\t\t\t\t\t\t\t<label for=\"form-field-Tratamento de dados\" class=\"wpr-form-field-label\" data-alt-label=\"Tratamento de dados\">\n\t\t\t\t\t\t\t\t\tData processing\t\t\t\t\t\t\t\t<\/label>\n\t\t\t\t\t\t\t<div class=\"wpr-field-sub-group\"><span class=\"wpr-form-field-option\" data-key=\"form-field-Tratamento de dados\"><input type=\"checkbox\" value=\"Tomei conhecimento que os meus dados pessoais inclu\u00eddos neste documento ser\u00e3o processados com base no meu consentimento e porque os mesmos s\u00e3o necess\u00e1rios para a gest\u00e3o operacional da atividade das empresas. \" id=\"form-field-Tratamento de dados-0\" name=\"form_fields[Tratamento de dados]\" required=\"required\" aria-required=\"true\"> <label for=\"form-field-Tratamento de dados-0\">I understand that my personal data included in this document will be processed based on my consent and because they are necessary for the operational management of the companies' activities. <\/label><\/span><\/div>\t\t\t\t\t<\/div>\n\t\t\t\t\t\t\t\t\t<div class=\"wpr-form-field-type-checkbox wpr-field-group wpr-column wpr-field-group-4f43815 elementor-repeater-item-4f43815 wpr-form-field-required wpr-required-mark\">\n\t\t\t\t\t\t\t\t\t\t\t\t\t\t<label for=\"form-field-4f43815\" class=\"wpr-form-field-label\" data-alt-label=\"Pol\u00edtica de Privacidade\">\n\t\t\t\t\t\t\t\t\tPrivacy Policy\t\t\t\t\t\t\t\t<\/label>\n\t\t\t\t\t\t\t<div class=\"wpr-field-sub-group\"><span class=\"wpr-form-field-option\" data-key=\"form-field-4f43815\"><input type=\"checkbox\" value=\"Autorizo a Utiliza\u00e7\u00e3o dos meus dados pessoais e declaro que fui informado do seu tratamento, utiliza\u00e7\u00e3o, per\u00edodo de conserva\u00e7\u00e3o e arquivo.\" id=\"form-field-4f43815-0\" name=\"form_fields[4f43815]\" required=\"required\" aria-required=\"true\"> <label for=\"form-field-4f43815-0\">I authorize the Use of my personal data and declare that I have been informed of its processing, use, retention period and archive.<\/label><\/span><\/div>\t\t\t\t\t<\/div>\n\t\t\t\t<div class=\"wpr-field-group wpr-stp-btns-wrap wpr-column wpr-form-field-type-submit\" data-actions=\"[&quot;email&quot;]\" data-redirect-url=\"\" data-mailchimp-fields=\"{&quot;email_field&quot;:&quot;&quot;,&quot;first_name_field&quot;:&quot;&quot;,&quot;last_name_field&quot;:&quot;&quot;,&quot;address_field&quot;:&quot;&quot;,&quot;phone_field&quot;:&quot;&quot;,&quot;birthday_field&quot;:&quot;&quot;,&quot;group_id&quot;:&quot;&quot;}\" data-list-id=\"\">\t\t\t<button type=\"submit\" class=\"wpr-button\">\n\t\t\t\t<span >\n\t\t\t\t\t\t\t\t\t\t\t\t\t<span class=\"wpr-align-icon-left elementor-button-icon\">\n\t\t\t<svg aria-hidden=\"true\" class=\"e-font-icon-svg e-far-paper-plane\" viewbox=\"0 0 512 512\" xmlns=\"http:\/\/www.w3.org\/2000\/svg\"><path d=\"M440 6.5L24 246.4c-34.4 19.9-31.1 70.8 5.7 85.9L144 379.6V464c0 46.4 59.2 65.5 86.6 28.6l43.8-59.1 111.9 46.2c5.9 2.4 12.1 3.6 18.3 3.6 8.2 0 16.3-2.1 23.6-6.2 12.8-7.2 21.6-20 23.9-34.5l59.4-387.2c6.1-40.1-36.9-68.8-71.5-48.9zM192 464v-64.6l36.6 15.1L192 464zm212.6-28.7l-153.8-63.5L391 169.5c10.7-15.5-9.5-33.5-23.7-21.2L155.8 332.6 48 288 464 48l-59.4 387.3z\"><\/path><\/svg>\t\t\t\t\t\t\t<span class=\"wpr-hidden-element\">Submit<\/span>\n\t\t\t\t\t<\/span>\n\t\t\t\t\t\t\t\t\t\t\t\t\t\t\t\t\t<span>Send<\/span>\n\t\t\t\t\t\t\t\t\t\t\t\t\t\t<\/span>\t\n\t\t\t\t<div class=\"wpr-double-bounce wpr-loader-hidden\">\n\t\t\t\t\t<div class=\"wpr-child wpr-double-bounce1\"><\/div>\n\t\t\t\t\t<div class=\"wpr-child wpr-double-bounce2\"><\/div>\n\t\t\t\t<\/div>\n\t\t\t<\/button>\n\t\t<\/div>\t\t\t\t\n\t\t\t<\/div>\n\t\t<input type=\"hidden\" name=\"trp-form-language\" value=\"en\"\/><\/form>\n\t  \t\t\t\t<\/div>\n\t\t\t\t<\/div>\n\t\t\t\t\t<\/div>\n\t\t<\/div>\n\t\t\t\t\t<\/div>\n\t\t<\/section>\n\t\t\t\t<\/div>","protected":false},"excerpt":{"rendered":"<p>Pr\u00e9-Reserva do Contentor &#8211; Sines Preencha o formul\u00e1rio abaixo e fa\u00e7a a pr\u00e9-reserva do contentor. Servi\u00e7o a efetuar Entrada vazio Sa\u00edda vazio Tr\u00e2nsito vazio Entrada cheio Sa\u00edda cheio Tr\u00e2nsito cheio Transportadora Matr\u00edcula Nome Cart\u00e3o do Cidad\u00e3o Contacto telef\u00f3nico 1 &#8211; Contentor n\u00ba 1 &#8211; Booking ref. 1 &#8211; N\u00ba de selo 2 &#8211; Contentor n\u00ba 2 &#8211; Booking ref. 2 &#8211; N\u00ba de selo 3 &#8211; Contentor n\u00ba 3 &#8211; Booking ref. 3 &#8211; N\u00ba de selo ISO code 22G1 2EG1 42G1 45G1 4EG1 LEG1 22T6 Outro ISO Code Ag\u00eancia Data Hora Tratamento de dados Tomei conhecimento que os meus dados pessoais inclu\u00eddos neste documento ser\u00e3o processados com base no meu consentimento e porque os mesmos s\u00e3o necess\u00e1rios para a gest\u00e3o operacional da atividade das empresas. Pol\u00edtica de Privacidade Autorizo a Utiliza\u00e7\u00e3o dos meus dados pessoais e declaro que fui informado do seu tratamento, utiliza\u00e7\u00e3o, per\u00edodo de conserva\u00e7\u00e3o e arquivo. Submit Enviar<\/p>","protected":false},"author":1,"featured_media":0,"parent":0,"menu_order":0,"comment_status":"closed","ping_status":"closed","template":"","meta":{"footnotes":""},"class_list":["post-967","page","type-page","status-publish","hentry"],"_links":{"self":[{"href":"https:\/\/gssweb.pt\/en\/wp-json\/wp\/v2\/pages\/967","targetHints":{"allow":["GET"]}}],"collection":[{"href":"https:\/\/gssweb.pt\/en\/wp-json\/wp\/v2\/pages"}],"about":[{"href":"https:\/\/gssweb.pt\/en\/wp-json\/wp\/v2\/types\/page"}],"author":[{"embeddable":true,"href":"https:\/\/gssweb.pt\/en\/wp-json\/wp\/v2\/users\/1"}],"replies":[{"embeddable":true,"href":"https:\/\/gssweb.pt\/en\/wp-json\/wp\/v2\/comments?post=967"}],"version-history":[{"count":32,"href":"https:\/\/gssweb.pt\/en\/wp-json\/wp\/v2\/pages\/967\/revisions"}],"predecessor-version":[{"id":1183,"href":"https:\/\/gssweb.pt\/en\/wp-json\/wp\/v2\/pages\/967\/revisions\/1183"}],"wp:attachment":[{"href":"https:\/\/gssweb.pt\/en\/wp-json\/wp\/v2\/media?parent=967"}],"curies":[{"name":"wp","href":"https:\/\/api.w.org\/{rel}","templated":true}]}}